{"id":2215,"date":"2025-07-23T20:38:55","date_gmt":"2025-07-23T23:38:55","guid":{"rendered":"https:\/\/ramcotec.cl\/NUEVO\/?post_type=product&#038;p=2215"},"modified":"2025-08-12T18:27:13","modified_gmt":"2025-08-12T21:27:13","slug":"olex","status":"publish","type":"product","link":"https:\/\/ramcotec.cl\/en\/product\/olex\/","title":{"rendered":"OLEX"},"content":{"rendered":"<p>Olex es un avanzado sistema de navegaci\u00f3n y cartograf\u00eda, desarrollado por la compa\u00f1\u00eda Noruega Olex AS. Este sistema es utilizado principalmente en pesqueras y trabajos marinos, consiste en tres elementos principales:<\/p>\n<p>Funciones avanzadas de levantamiento y mapeo de fondo marino, columnas de agua y corrientes.<br \/>\nNavegaci\u00f3n sobre cartas vectoriales.<br \/>\nFunciones avanzadas de ploteo.<br \/>\nOlex calcula el fondo marino utilizando informaci\u00f3n de GPS y ecosonda. Con cada punto detectado desde la sonda y georreferenciado con el GPS el sistema levanta el fondo marino y crea un mapa 3D. Una vez configurado el levantamiento es autom\u00e1tico no requiere operaci\u00f3n alguna.<\/p>\n<p>El mapa del fondo marino se puede mostrar en 2D con l\u00edneas de contorno o relieve, y en 3D con una c\u00e1mara virtual que permite navegar por el fondo marino a la zona de inter\u00e9s. Adicionalmente tiene funciones especiales como el calculo de volumen de agua y fondo y herramientas para buscar y remover mediciones err\u00f3neas.<\/p>\n<p>Olex fue dise\u00f1ado para uso optimo y operaci\u00f3n simple e interactiva:<\/p>\n<ul>\n<li>Simple manejo de cartas vectoriales<\/li>\n<li>Rotaci\u00f3n y zoom de cartas r\u00e1pido y simple.<\/li>\n<li>Planificaci\u00f3n y edici\u00f3n de rutas.<\/li>\n<li>Seguimiento e identificaci\u00f3n de blancos del radar.<\/li>\n<li>Interfaz de piloto autom\u00e1tico de f\u00e1cil operaci\u00f3n.<\/li>\n<li>Profundidades y elevaciones en metros, brazas o pies.<\/li>\n<li>Ayuda a la navegaci\u00f3n con historial de profundidades.<\/li>\n<li>Correcci\u00f3n de marea autom\u00e1tico.<\/li>\n<li>Faros y sectores animados.<\/li>\n<li>Todos los zarpes son almacenados para su uso.<\/li>\n<li>Colores de pantalla ajustables para noche, d\u00eda y personalizado.<\/li>\n<\/ul>\n<p>Disponible en m\u00faltiples idiomas.<\/p>\n<p>*Solo software, para levantamiento del fondo marino es necesario contar con un ecosonda conectado a el.<br \/>\n**Para levantamiento del fondo en alta definici\u00f3n es necesario contar con la sonda multihaz\u00a0<strong>Olex Atec 200<\/strong><\/p>","protected":false},"excerpt":{"rendered":"<p>Olex es un avanzado sistema de navegaci\u00f3n y cartograf\u00eda, desarrollado por la compa\u00f1\u00eda Noruega Olex AS.<\/p>","protected":false},"featured_media":2216,"template":"","meta":[],"product_brand":[56],"product_cat":[54],"product_tag":[],"class_list":{"0":"post-2215","1":"product","2":"type-product","3":"status-publish","4":"has-post-thumbnail","6":"product_brand-olex","7":"product_cat-software","9":"first","10":"instock","11":"featured","12":"taxable","13":"shipping-taxable","14":"product-type-simple"},"_links":{"self":[{"href":"https:\/\/ramcotec.cl\/en\/wp-json\/wp\/v2\/product\/2215","targetHints":{"allow":["GET"]}}],"collection":[{"href":"https:\/\/ramcotec.cl\/en\/wp-json\/wp\/v2\/product"}],"about":[{"href":"https:\/\/ramcotec.cl\/en\/wp-json\/wp\/v2\/types\/product"}],"wp:featuredmedia":[{"embeddable":true,"href":"https:\/\/ramcotec.cl\/en\/wp-json\/wp\/v2\/media\/2216"}],"wp:attachment":[{"href":"https:\/\/ramcotec.cl\/en\/wp-json\/wp\/v2\/media?parent=2215"}],"wp:term":[{"taxonomy":"product_brand","embeddable":true,"href":"https:\/\/ramcotec.cl\/en\/wp-json\/wp\/v2\/product_brand?post=2215"},{"taxonomy":"product_cat","embeddable":true,"href":"https:\/\/ramcotec.cl\/en\/wp-json\/wp\/v2\/product_cat?post=2215"},{"taxonomy":"product_tag","embeddable":true,"href":"https:\/\/ramcotec.cl\/en\/wp-json\/wp\/v2\/product_tag?post=2215"}],"curies":[{"name":"wp","href":"https:\/\/api.w.org\/{rel}","templated":true}]}}