{"id":2212,"date":"2025-07-23T20:36:58","date_gmt":"2025-07-23T23:36:58","guid":{"rendered":"https:\/\/ramcotec.cl\/NUEVO\/?post_type=product&#038;p=2212"},"modified":"2025-07-23T20:41:59","modified_gmt":"2025-07-23T23:41:59","slug":"ecosonda-multihaz-wassp-s3","status":"publish","type":"product","link":"https:\/\/ramcotec.cl\/en\/product\/ecosonda-multihaz-wassp-s3\/","title":{"rendered":"ECOSONDA MULTIHAZ WASSP S3"},"content":{"rendered":"<p><strong>Sonda multihaz asequible de nivel profesional<\/strong><\/p>\n<p>Durante m\u00e1s de una d\u00e9cada, WASSP ha entregado sondas multihaz de nivel profesional con un producto y un precio que cierra la brecha entre la sonda de haz \u00fanico y los sistemas MBES de mayor precio. El S3 es una de las soluciones de sonar multihaz de levantamiento y mapeo profesionales m\u00e1s rentables del mundo. Dise\u00f1ado como una sonda de nivel medio, el S3 satisfar\u00e1 su presupuesto, sus necesidades operativas y el despliegue tecnol\u00f3gico futuro. Y le permite cubrir su \u00e1rea de levantamiento hasta 10 veces m\u00e1s r\u00e1pido que una sonda de un solo haz.<\/p>\n<p><strong>Ahora puedes entender lo que estas viendo<\/strong><\/p>\n<p>El S3 cuenta con el procesador DRX-32 de menor potencia con transductor de alta frecuencia WMB-160, lo que le brinda una profundidad m\u00e1xima de 400 m. Al escanear una franja de 120 grados, de babor a estribor, y mediante el procesamiento de se\u00f1ales avanzado, el S3 le brinda una imagen completa y precisa de la batimetr\u00eda del fondo marino para que realmente pueda comprender lo que est\u00e1 mirando.<br \/>\nPuede optar por utilizar el nuevo WASSP CDX mejorado para toda la configuraci\u00f3n de su sistema WASSP y la interfaz gr\u00e1fica de usuario operativa en vivo, lo que permite la exportaci\u00f3n en vivo o al final de la encuesta de datos sin procesar a su conjunto de encuestas, incluidos HYPACK, BeamworX, EIVA y QINSy y otros.<\/p>\n<p><img decoding=\"async\" class=\"lazyload alignnone size-full wp-image-2213\" src=\"https:\/\/ramcotec.cl\/wp-content\/uploads\/2025\/07\/s3.jpg\" data-orig-src=\"https:\/\/ramcotec.cl\/wp-content\/uploads\/2025\/07\/s3.jpg\" alt=\"\" width=\"1200\" height=\"500\" srcset=\"data:image\/svg+xml,%3Csvg%20xmlns%3D%27http%3A%2F%2Fwww.w3.org%2F2000%2Fsvg%27%20width%3D%271200%27%20height%3D%27500%27%20viewBox%3D%270%200%201200%20500%27%3E%3Crect%20width%3D%271200%27%20height%3D%27500%27%20fill-opacity%3D%220%22%2F%3E%3C%2Fsvg%3E\" data-srcset=\"https:\/\/ramcotec.cl\/wp-content\/uploads\/2025\/07\/s3-200x83.jpg 200w, https:\/\/ramcotec.cl\/wp-content\/uploads\/2025\/07\/s3-300x125.jpg 300w, https:\/\/ramcotec.cl\/wp-content\/uploads\/2025\/07\/s3-400x167.jpg 400w, https:\/\/ramcotec.cl\/wp-content\/uploads\/2025\/07\/s3-500x208.jpg 500w, https:\/\/ramcotec.cl\/wp-content\/uploads\/2025\/07\/s3-600x250.jpg 600w, https:\/\/ramcotec.cl\/wp-content\/uploads\/2025\/07\/s3-700x292.jpg 700w, https:\/\/ramcotec.cl\/wp-content\/uploads\/2025\/07\/s3-768x320.jpg 768w, https:\/\/ramcotec.cl\/wp-content\/uploads\/2025\/07\/s3-800x333.jpg 800w, https:\/\/ramcotec.cl\/wp-content\/uploads\/2025\/07\/s3-1024x427.jpg 1024w, https:\/\/ramcotec.cl\/wp-content\/uploads\/2025\/07\/s3.jpg 1200w\" data-sizes=\"auto\" data-orig-sizes=\"(max-width: 1200px) 100vw, 1200px\" \/><\/p>\n<p><strong>TRANSCEPTOR DIGITAL DRX<\/strong><\/p>\n<p>Esta innovadora \u201ccaja negra\u201d todo en uno de baja potencia (equivalente a 1 kW) no es solo una plataforma de hardware robusta. Tambi\u00e9n presenta innovaciones t\u00e9cnicas de vanguardia l\u00edderes en el mundo y una incre\u00edble versatilidad para una variedad de aplicaciones, desde encontrar su captura y explorar nuevas \u00e1reas, hasta topograf\u00eda y mapeo. Esto abre innumerables oportunidades nuevas para sus operaciones.<br \/>\nEl transceptor DRX es el coraz\u00f3n del sistema WASSP, que proporciona procesamiento en vivo de sus datos para brindar gr\u00e1ficos de mapas y sondeo realistas. Tiene el poder de procesamiento de una supercomputadora.<br \/>\nEl DRX es el n\u00facleo de todos los desarrollos posteriores, por lo que est\u00e1 preparado para el futuro.<\/p>\n<p><img decoding=\"async\" class=\"lazyload alignnone size-full wp-image-2195\" src=\"https:\/\/ramcotec.cl\/wp-content\/uploads\/2025\/07\/CDX_3D_Mapping_bf370304-ae62-41da-81c4-315f2a1b1a06.png\" data-orig-src=\"https:\/\/ramcotec.cl\/wp-content\/uploads\/2025\/07\/CDX_3D_Mapping_bf370304-ae62-41da-81c4-315f2a1b1a06.png\" alt=\"\" width=\"1000\" height=\"305\" srcset=\"data:image\/svg+xml,%3Csvg%20xmlns%3D%27http%3A%2F%2Fwww.w3.org%2F2000%2Fsvg%27%20width%3D%271000%27%20height%3D%27305%27%20viewBox%3D%270%200%201000%20305%27%3E%3Crect%20width%3D%271000%27%20height%3D%27305%27%20fill-opacity%3D%220%22%2F%3E%3C%2Fsvg%3E\" data-srcset=\"https:\/\/ramcotec.cl\/wp-content\/uploads\/2025\/07\/CDX_3D_Mapping_bf370304-ae62-41da-81c4-315f2a1b1a06-200x61.png 200w, https:\/\/ramcotec.cl\/wp-content\/uploads\/2025\/07\/CDX_3D_Mapping_bf370304-ae62-41da-81c4-315f2a1b1a06-300x92.png 300w, https:\/\/ramcotec.cl\/wp-content\/uploads\/2025\/07\/CDX_3D_Mapping_bf370304-ae62-41da-81c4-315f2a1b1a06-400x122.png 400w, https:\/\/ramcotec.cl\/wp-content\/uploads\/2025\/07\/CDX_3D_Mapping_bf370304-ae62-41da-81c4-315f2a1b1a06-500x153.png 500w, https:\/\/ramcotec.cl\/wp-content\/uploads\/2025\/07\/CDX_3D_Mapping_bf370304-ae62-41da-81c4-315f2a1b1a06-600x183.png 600w, https:\/\/ramcotec.cl\/wp-content\/uploads\/2025\/07\/CDX_3D_Mapping_bf370304-ae62-41da-81c4-315f2a1b1a06-700x214.png 700w, https:\/\/ramcotec.cl\/wp-content\/uploads\/2025\/07\/CDX_3D_Mapping_bf370304-ae62-41da-81c4-315f2a1b1a06-768x234.png 768w, https:\/\/ramcotec.cl\/wp-content\/uploads\/2025\/07\/CDX_3D_Mapping_bf370304-ae62-41da-81c4-315f2a1b1a06-800x244.png 800w, https:\/\/ramcotec.cl\/wp-content\/uploads\/2025\/07\/CDX_3D_Mapping_bf370304-ae62-41da-81c4-315f2a1b1a06.png 1000w\" data-sizes=\"auto\" data-orig-sizes=\"(max-width: 1000px) 100vw, 1000px\" \/><\/p>\n<p><strong>Sistema operativo CDX<\/strong><\/p>\n<p>WASSP 3ra Generaci\u00f3n introduce un nuevo y simplificado WASSP CDX para control, visualizaci\u00f3n y gesti\u00f3n de datos, manteniendo una gran cantidad de funciones para satisfacer los requerimientos mas exigentes.<\/p>\n<p>Las caracter\u00edsticas incluyen:<\/p>\n<ul>\n<li>Mapeo de alta resoluci\u00f3n<\/li>\n<li>El mapeo de resoluci\u00f3n m\u00faltiple tiene una \u00fanica base de datos que se vuelve m\u00e1s detallada cuanto m\u00e1s se acerca<\/li>\n<li>Un algoritmo inteligente toma los mejores datos de una grabaci\u00f3n anterior y una grabaci\u00f3n nueva, lo que proporciona un mapeo casi perfecto<\/li>\n<li>Gran sonda ac\u00fastica de haz simple, triple y qu\u00edntuple de alta resoluci\u00f3n que proporciona una visibilidad muy clara tanto de la columna de agua como del fondo marino<\/li>\n<li>Haz simple, triple y qu\u00edntuple en Serie F \u00fanicamente<\/li>\n<li>Vista de sonar para ofrecer una vista instant\u00e1nea de la sonda actual<\/li>\n<li>Escaneo lateral cuando tiene licencia<\/li>\n<li>Mapeo 2D y 3D con o sin objetivos de columna de agua y retrodispersi\u00f3n cuando se tiene licencia<\/li>\n<li>Interfaz gr\u00e1fica de usuario simplificada<\/li>\n<li>Centrado en la presentaci\u00f3n de datos WASSP no multifuncional<\/li>\n<li>Presenta de una manera sin procesar muy precisa con un m\u00ednimo de limpieza o promediado de datos<\/li>\n<li>Mejora los beneficios principales de WASSP<\/li>\n<li>Base de datos de resoluci\u00f3n m\u00faltiple con mapeo autom\u00e1tico, ajustado en profundidad y con la mejor resoluci\u00f3n que se puede usar en todas las profundidades al acercar para una resoluci\u00f3n m\u00e1s alta<\/li>\n<li>La ganancia de los objetivos de la columna de agua est\u00e1 alineada para dar el mismo color en todos los modos<\/li>\n<\/ul>","protected":false},"excerpt":{"rendered":"<p>Durante m\u00e1s de una d\u00e9cada, WASSP ha entregado sondas multihaz de nivel profesional con un producto y un precio que cierra la brecha entre la sonda de haz \u00fanico y los sistemas MBES de mayor precio.<\/p>","protected":false},"featured_media":2214,"template":"","meta":[],"product_brand":[52],"product_cat":[53],"product_tag":[],"class_list":{"0":"post-2212","1":"product","2":"type-product","3":"status-publish","4":"has-post-thumbnail","6":"product_brand-wassp","7":"product_cat-ecosonda-multihaz","9":"first","10":"instock","11":"featured","12":"taxable","13":"shipping-taxable","14":"product-type-simple"},"_links":{"self":[{"href":"https:\/\/ramcotec.cl\/en\/wp-json\/wp\/v2\/product\/2212","targetHints":{"allow":["GET"]}}],"collection":[{"href":"https:\/\/ramcotec.cl\/en\/wp-json\/wp\/v2\/product"}],"about":[{"href":"https:\/\/ramcotec.cl\/en\/wp-json\/wp\/v2\/types\/product"}],"wp:featuredmedia":[{"embeddable":true,"href":"https:\/\/ramcotec.cl\/en\/wp-json\/wp\/v2\/media\/2214"}],"wp:attachment":[{"href":"https:\/\/ramcotec.cl\/en\/wp-json\/wp\/v2\/media?parent=2212"}],"wp:term":[{"taxonomy":"product_brand","embeddable":true,"href":"https:\/\/ramcotec.cl\/en\/wp-json\/wp\/v2\/product_brand?post=2212"},{"taxonomy":"product_cat","embeddable":true,"href":"https:\/\/ramcotec.cl\/en\/wp-json\/wp\/v2\/product_cat?post=2212"},{"taxonomy":"product_tag","embeddable":true,"href":"https:\/\/ramcotec.cl\/en\/wp-json\/wp\/v2\/product_tag?post=2212"}],"curies":[{"name":"wp","href":"https:\/\/api.w.org\/{rel}","templated":true}]}}