{"id":2210,"date":"2025-07-23T20:35:04","date_gmt":"2025-07-23T23:35:04","guid":{"rendered":"https:\/\/ramcotec.cl\/NUEVO\/?post_type=product&#038;p=2210"},"modified":"2025-07-23T20:41:59","modified_gmt":"2025-07-23T23:41:59","slug":"ecosonda-multihaz-wassp-f3xl","status":"publish","type":"product","link":"https:\/\/ramcotec.cl\/en\/product\/ecosonda-multihaz-wassp-f3xl\/","title":{"rendered":"ECOSONDA MULTIHAZ WASSP F3XL"},"content":{"rendered":"<p><strong>WASSP F3XL<\/strong><\/p>\n<p>El F3XL cuenta con un procesador DRX-46 de mayor potencia con un transductor de baja frecuencia WMB-80, lo que proporciona la mayor profundidad de la l\u00ednea.<br \/>\nCon el transductor de 80 kHz, el F3XL proporciona la capacidad de funcionar como una sonda en grandes profundidades y proporcionar un mapa del fondo marino, con objetivos de columna de agua para ver lo que esta entre el suelo marino y el transductor. El F3XL tambi\u00e9n viene de serie con nuestros sistemas de gesti\u00f3n de interferencias (IMS), incluido el AKP listo para instalar en embarcaciones complejas que tienen varias otras sondas y sondas existentes.<\/p>\n<p><img decoding=\"async\" class=\"lazyload alignnone size-full wp-image-2211\" src=\"https:\/\/ramcotec.cl\/wp-content\/uploads\/2025\/07\/wassp-f3xl.jpg\" data-orig-src=\"https:\/\/ramcotec.cl\/wp-content\/uploads\/2025\/07\/wassp-f3xl.jpg\" alt=\"\" width=\"1200\" height=\"563\" srcset=\"data:image\/svg+xml,%3Csvg%20xmlns%3D%27http%3A%2F%2Fwww.w3.org%2F2000%2Fsvg%27%20width%3D%271200%27%20height%3D%27563%27%20viewBox%3D%270%200%201200%20563%27%3E%3Crect%20width%3D%271200%27%20height%3D%27563%27%20fill-opacity%3D%220%22%2F%3E%3C%2Fsvg%3E\" data-srcset=\"https:\/\/ramcotec.cl\/wp-content\/uploads\/2025\/07\/wassp-f3xl-200x94.jpg 200w, https:\/\/ramcotec.cl\/wp-content\/uploads\/2025\/07\/wassp-f3xl-300x141.jpg 300w, https:\/\/ramcotec.cl\/wp-content\/uploads\/2025\/07\/wassp-f3xl-400x188.jpg 400w, https:\/\/ramcotec.cl\/wp-content\/uploads\/2025\/07\/wassp-f3xl-500x235.jpg 500w, https:\/\/ramcotec.cl\/wp-content\/uploads\/2025\/07\/wassp-f3xl-600x282.jpg 600w, https:\/\/ramcotec.cl\/wp-content\/uploads\/2025\/07\/wassp-f3xl-700x328.jpg 700w, https:\/\/ramcotec.cl\/wp-content\/uploads\/2025\/07\/wassp-f3xl-768x360.jpg 768w, https:\/\/ramcotec.cl\/wp-content\/uploads\/2025\/07\/wassp-f3xl-800x375.jpg 800w, https:\/\/ramcotec.cl\/wp-content\/uploads\/2025\/07\/wassp-f3xl-1024x480.jpg 1024w, https:\/\/ramcotec.cl\/wp-content\/uploads\/2025\/07\/wassp-f3xl.jpg 1200w\" data-sizes=\"auto\" data-orig-sizes=\"(max-width: 1200px) 100vw, 1200px\" \/><\/p>\n<p><strong>Transceptor digital DRX<\/strong><\/p>\n<p>Esta innovadora \u201ccaja negra\u201d todo en uno de bajo consumo no es solo una plataforma de hardware robusta y robusta. Tambi\u00e9n presenta innovaciones t\u00e9cnicas de vanguardia l\u00edderes en el mundo y una versatilidad incre\u00edble para una variedad de aplicaciones, desde encontrar su captura y explorar nuevas \u00e1reas, hasta topograf\u00eda y mapeo. Esto abre innumerables oportunidades nuevas para sus operaciones.<br \/>\nEl transceptor DRX es el coraz\u00f3n del sistema WASSP que proporciona procesamiento en vivo de sus datos para proporcionar gr\u00e1ficos de mapas y sondeo realistas. Tiene el poder de procesamiento de una supercomputadora.<br \/>\nEste es el n\u00facleo de todos los desarrollos posteriores.<\/p>\n<p><img decoding=\"async\" class=\"lazyload alignnone size-full wp-image-2195\" src=\"https:\/\/ramcotec.cl\/wp-content\/uploads\/2025\/07\/CDX_3D_Mapping_bf370304-ae62-41da-81c4-315f2a1b1a06.png\" data-orig-src=\"https:\/\/ramcotec.cl\/wp-content\/uploads\/2025\/07\/CDX_3D_Mapping_bf370304-ae62-41da-81c4-315f2a1b1a06.png\" alt=\"\" width=\"1000\" height=\"305\" srcset=\"data:image\/svg+xml,%3Csvg%20xmlns%3D%27http%3A%2F%2Fwww.w3.org%2F2000%2Fsvg%27%20width%3D%271000%27%20height%3D%27305%27%20viewBox%3D%270%200%201000%20305%27%3E%3Crect%20width%3D%271000%27%20height%3D%27305%27%20fill-opacity%3D%220%22%2F%3E%3C%2Fsvg%3E\" data-srcset=\"https:\/\/ramcotec.cl\/wp-content\/uploads\/2025\/07\/CDX_3D_Mapping_bf370304-ae62-41da-81c4-315f2a1b1a06-200x61.png 200w, https:\/\/ramcotec.cl\/wp-content\/uploads\/2025\/07\/CDX_3D_Mapping_bf370304-ae62-41da-81c4-315f2a1b1a06-300x92.png 300w, https:\/\/ramcotec.cl\/wp-content\/uploads\/2025\/07\/CDX_3D_Mapping_bf370304-ae62-41da-81c4-315f2a1b1a06-400x122.png 400w, https:\/\/ramcotec.cl\/wp-content\/uploads\/2025\/07\/CDX_3D_Mapping_bf370304-ae62-41da-81c4-315f2a1b1a06-500x153.png 500w, https:\/\/ramcotec.cl\/wp-content\/uploads\/2025\/07\/CDX_3D_Mapping_bf370304-ae62-41da-81c4-315f2a1b1a06-600x183.png 600w, https:\/\/ramcotec.cl\/wp-content\/uploads\/2025\/07\/CDX_3D_Mapping_bf370304-ae62-41da-81c4-315f2a1b1a06-700x214.png 700w, https:\/\/ramcotec.cl\/wp-content\/uploads\/2025\/07\/CDX_3D_Mapping_bf370304-ae62-41da-81c4-315f2a1b1a06-768x234.png 768w, https:\/\/ramcotec.cl\/wp-content\/uploads\/2025\/07\/CDX_3D_Mapping_bf370304-ae62-41da-81c4-315f2a1b1a06-800x244.png 800w, https:\/\/ramcotec.cl\/wp-content\/uploads\/2025\/07\/CDX_3D_Mapping_bf370304-ae62-41da-81c4-315f2a1b1a06.png 1000w\" data-sizes=\"auto\" data-orig-sizes=\"(max-width: 1000px) 100vw, 1000px\" \/><\/p>\n<p><strong>Sistema operativo CDX<\/strong><\/p>\n<p>WASSP 3ra Generaci\u00f3n introduce un nuevo y simplificado WASSP CDX para control, visualizaci\u00f3n y gesti\u00f3n de datos, manteniendo una gran cantidad de funciones para satisfacer los requerimientos mas exigentes.<\/p>\n<p>Las caracter\u00edsticas incluyen:<\/p>\n<ul>\n<li>Mapeo de alta resoluci\u00f3n<\/li>\n<li>El mapeo de resoluci\u00f3n m\u00faltiple tiene una \u00fanica base de datos que se vuelve m\u00e1s detallada cuanto m\u00e1s se acerca<\/li>\n<li>Un algoritmo inteligente toma los mejores datos de una grabaci\u00f3n anterior y una grabaci\u00f3n nueva, lo que proporciona un mapeo casi perfecto<\/li>\n<li>Gran sonda ac\u00fastica de haz simple, triple y qu\u00edntuple de alta resoluci\u00f3n que proporciona una visibilidad muy clara tanto de la columna de agua como del fondo marino<\/li>\n<li>Haz simple, triple y qu\u00edntuple en Serie F \u00fanicamente<\/li>\n<li>Vista de sonar para ofrecer una vista instant\u00e1nea de la sonda actual<\/li>\n<li>Escaneo lateral cuando tiene licencia<\/li>\n<li>Mapeo 2D y 3D con o sin objetivos de columna de agua y retrodispersi\u00f3n cuando se tiene licencia<\/li>\n<li>Interfaz gr\u00e1fica de usuario simplificada<\/li>\n<li>Centrado en la presentaci\u00f3n de datos WASSP no multifuncional<\/li>\n<li>Presenta de una manera sin procesar muy precisa con un m\u00ednimo de limpieza o promediado de datos<\/li>\n<li>Mejora los beneficios principales de WASSP<\/li>\n<li>Base de datos de resoluci\u00f3n m\u00faltiple con mapeo autom\u00e1tico, ajustado en profundidad y con la mejor resoluci\u00f3n que se puede usar en todas las profundidades al acercar para una resoluci\u00f3n m\u00e1s alta<\/li>\n<li>La ganancia de los objetivos de la columna de agua est\u00e1 alineada para dar el mismo color en todos los modos<\/li>\n<\/ul>","protected":false},"excerpt":{"rendered":"<p>El F3XL cuenta con un procesador DRX-46 de mayor potencia con un transductor de baja frecuencia WMB-80, lo que proporciona la mayor profundidad de la l\u00ednea.<\/p>","protected":false},"featured_media":2196,"template":"","meta":[],"product_brand":[52],"product_cat":[53],"product_tag":[],"class_list":{"0":"post-2210","1":"product","2":"type-product","3":"status-publish","4":"has-post-thumbnail","6":"product_brand-wassp","7":"product_cat-ecosonda-multihaz","9":"first","10":"instock","11":"featured","12":"taxable","13":"shipping-taxable","14":"product-type-simple"},"_links":{"self":[{"href":"https:\/\/ramcotec.cl\/en\/wp-json\/wp\/v2\/product\/2210","targetHints":{"allow":["GET"]}}],"collection":[{"href":"https:\/\/ramcotec.cl\/en\/wp-json\/wp\/v2\/product"}],"about":[{"href":"https:\/\/ramcotec.cl\/en\/wp-json\/wp\/v2\/types\/product"}],"wp:featuredmedia":[{"embeddable":true,"href":"https:\/\/ramcotec.cl\/en\/wp-json\/wp\/v2\/media\/2196"}],"wp:attachment":[{"href":"https:\/\/ramcotec.cl\/en\/wp-json\/wp\/v2\/media?parent=2210"}],"wp:term":[{"taxonomy":"product_brand","embeddable":true,"href":"https:\/\/ramcotec.cl\/en\/wp-json\/wp\/v2\/product_brand?post=2210"},{"taxonomy":"product_cat","embeddable":true,"href":"https:\/\/ramcotec.cl\/en\/wp-json\/wp\/v2\/product_cat?post=2210"},{"taxonomy":"product_tag","embeddable":true,"href":"https:\/\/ramcotec.cl\/en\/wp-json\/wp\/v2\/product_tag?post=2210"}],"curies":[{"name":"wp","href":"https:\/\/api.w.org\/{rel}","templated":true}]}}