{"id":2207,"date":"2025-07-23T20:30:22","date_gmt":"2025-07-23T23:30:22","guid":{"rendered":"https:\/\/ramcotec.cl\/NUEVO\/?post_type=product&#038;p=2207"},"modified":"2025-07-23T20:30:57","modified_gmt":"2025-07-23T23:30:57","slug":"timezero-navigator","status":"publish","type":"product","link":"https:\/\/ramcotec.cl\/en\/product\/timezero-navigator\/","title":{"rendered":"TIMEZERO NAVIGATOR"},"content":{"rendered":"<p>El software TZ Navigator ha sido dise\u00f1ado para responder a las necesidades y requisitos de los navegantes de recreo. Con funcionalidades de \u00faltima tecnolog\u00eda, el software fue desarrollado para navegantes de lanchas, yates y regatas. El software TIMEZERO tiene dos objetivos principales: control supremo y comodidad. Descubre en esta secci\u00f3n c\u00f3mo el software TIMEZERO satisface las necesidades para todo tipo de navegaci\u00f3n mar\u00edtima.<\/p>\n<p>TZ Navigator est\u00e1 dise\u00f1ado en torno a las necesidades \u00fanicas de los navegantes con dos objetivos principales: control y comodidad supremos.<\/p>\n<p>&nbsp;<\/p>\n<h3>\u00bfC\u00f3mo TZ Navigator puede ayudarte?<\/h3>\n<p>Los tipos de navegaci\u00f3n var\u00edan enormemente y, dependiendo de si deseas viajar, relajarte en tu lancha o yate, o competir en regatas, las necesidades ser\u00e1n diferentes.<br \/>\nSi bien la seguridad y la facilidad de uso siguen siendo la piedra angular de todos los navegantes, otros requisitos como la planificaci\u00f3n de rutas, las funciones AIS, la superposici\u00f3n de radar y la sonda de pesca, son tambi\u00e9n indispensables para algunos y prescindibles para otros.<br \/>\nPor eso te invitamos a visitar la siguiente secci\u00f3n que te ayudar\u00e1 a encontrar las funcionalidades que mejor se adaptan a tu tipo de navegaci\u00f3n.<\/p>\n<p>&nbsp;<\/p>\n<h3>Interfaz de usuario de \u00faltima generaci\u00f3n<\/h3>\n<p><img decoding=\"async\" class=\"lazyload alignnone size-full wp-image-2208\" src=\"https:\/\/ramcotec.cl\/wp-content\/uploads\/2025\/07\/laptop-tz-navigator-touchscreen.png\" data-orig-src=\"https:\/\/ramcotec.cl\/wp-content\/uploads\/2025\/07\/laptop-tz-navigator-touchscreen.png\" alt=\"\" width=\"1280\" height=\"800\" srcset=\"data:image\/svg+xml,%3Csvg%20xmlns%3D%27http%3A%2F%2Fwww.w3.org%2F2000%2Fsvg%27%20width%3D%271280%27%20height%3D%27800%27%20viewBox%3D%270%200%201280%20800%27%3E%3Crect%20width%3D%271280%27%20height%3D%27800%27%20fill-opacity%3D%220%22%2F%3E%3C%2Fsvg%3E\" data-srcset=\"https:\/\/ramcotec.cl\/wp-content\/uploads\/2025\/07\/laptop-tz-navigator-touchscreen-200x125.png 200w, https:\/\/ramcotec.cl\/wp-content\/uploads\/2025\/07\/laptop-tz-navigator-touchscreen-300x188.png 300w, https:\/\/ramcotec.cl\/wp-content\/uploads\/2025\/07\/laptop-tz-navigator-touchscreen-400x250.png 400w, https:\/\/ramcotec.cl\/wp-content\/uploads\/2025\/07\/laptop-tz-navigator-touchscreen-500x313.png 500w, https:\/\/ramcotec.cl\/wp-content\/uploads\/2025\/07\/laptop-tz-navigator-touchscreen-600x375.png 600w, https:\/\/ramcotec.cl\/wp-content\/uploads\/2025\/07\/laptop-tz-navigator-touchscreen-700x438.png 700w, https:\/\/ramcotec.cl\/wp-content\/uploads\/2025\/07\/laptop-tz-navigator-touchscreen-768x480.png 768w, https:\/\/ramcotec.cl\/wp-content\/uploads\/2025\/07\/laptop-tz-navigator-touchscreen-800x500.png 800w, https:\/\/ramcotec.cl\/wp-content\/uploads\/2025\/07\/laptop-tz-navigator-touchscreen-1024x640.png 1024w, https:\/\/ramcotec.cl\/wp-content\/uploads\/2025\/07\/laptop-tz-navigator-touchscreen-1200x750.png 1200w, https:\/\/ramcotec.cl\/wp-content\/uploads\/2025\/07\/laptop-tz-navigator-touchscreen.png 1280w\" data-sizes=\"auto\" data-orig-sizes=\"(max-width: 1280px) 100vw, 1280px\" \/><\/p>\n<p>\u00a1La interfaz de usuario de TZ Navigator es intuitiva y totalmente adaptada para ser utilizada en pantallas t\u00e1ctiles! La pantalla t\u00e1ctil hace la vida mucho m\u00e1s sencilla, facilita la planificaci\u00f3n de rutas, as\u00ed como todas las dem\u00e1s funcionalidades que han hecho de TIMEZERO un gran \u00e9xito desde hace m\u00e1s de 30 a\u00f1os.<\/p>\n<p>&nbsp;<\/p>\n<h3>\u00bfPor que escoger TZ Navigator?<\/h3>\n<p><strong>Cartas n\u00e1uticas<\/strong><\/p>\n<p>Ten el mundo a tu alcance gracias al cat\u00e1logo de cartas n\u00e1uticas mm3d compatibles con TZ Navigator. Su cobertura mundial est\u00e1 disponible con cartas n\u00e1uticas Raster y Vectoriales (C-MAP). Adem\u00e1s, la tecnolog\u00eda TIMEZERO integra un motor cartogr\u00e1fico incomparable donde las cartas marinas, los datos 3D y las fotos satelitales se combinan de forma inteligente a trav\u00e9s de la tecnolog\u00eda PhotoFusion.<\/p>\n<p><strong>Meteorolog\u00eda y mareas<\/strong><\/p>\n<p>Disfruta de nuestra previsi\u00f3n meteorol\u00f3gica gratuita y de nuestra base de datos de mareas en cualquier lugar del mundo.<\/p>\n<p><strong>Planificaci\u00f3n de la ruta<\/strong><\/p>\n<p>El asistente de planificaci\u00f3n de ruta permite calcular la hora de salida de acuerdo a diversas condiciones (mareas, corrientes, tiempo de tr\u00e1nsito, etc.). \u00a1Llegar con la marea alta o salir del puerto con las condiciones de corriente \u00f3ptimas nunca ha sido tan f\u00e1cil!<\/p>\n<p><strong>Blancos AIS y puntos de inter\u00e9s<\/strong><\/p>\n<p>\u00a1Navega de forma segura con total tranquilidad! TIMEZERO es el primer software de navegaci\u00f3n que ofrece integraci\u00f3n de puntos de inter\u00e9s (POI), de ActiveCaptain y actualizaci\u00f3n en tiempo real. La funci\u00f3n AIS tambi\u00e9n se incluye de forma predeterminada en las funcionalidades.<\/p>\n<p><strong>Interfaz<\/strong><\/p>\n<p>Debido a que el software debe ser tan c\u00f3modo como el barco, nuestra interfaz de \u00faltima generaci\u00f3n es f\u00e1cil de usar y totalmente adaptada para ser utilizada con pantalla t\u00e1ctil.<\/p>\n<p>&nbsp;<\/p>\n<h3>\u00bfEres exigente?<\/h3>\n<p>TIMEZERO ofrece una serie de m\u00f3dulos complementarios que mejorar\u00e1n a\u00fan m\u00e1s la experiencia de navegar. Funcionalidades adicionales relacionadas con el Routing, la visualizaci\u00f3n de objetos circundantes y la obtenci\u00f3n de valiosos datos del fondo marino.<\/p>\n<p><strong>M\u00f3dulo Routing<\/strong><\/p>\n<p>El M\u00f3dulo Routing se combina con TZ Navigator y TZ Professional para proporcionar una ruta que optimizar\u00e1 el tiempo de viaje. Este m\u00f3dulo te ayudar\u00e1 a encontrar la mejor ruta utilizando las previsiones meteorol\u00f3gicas y los polares del barco.<\/p>\n<p><strong>M\u00f3dulo Radar<\/strong><\/p>\n<p>Gracias a nuestra asociaci\u00f3n con FURUNO, el fabricante de electr\u00f3nica marina l\u00edder mundial, el software TIMEZERO ofrece compatibilidad nativa exclusiva (a trav\u00e9s de una simple conexi\u00f3n Ethernet) con todas las antenas FURUNO DRS y con la serie comercial de radares FURUNO FAR. La imagen del radar se puede superponer directamente en la carta n\u00e1utica para tener una mejor comprensi\u00f3n de los datos. TIMEZERO ofrece la capacidad de tomar el control total del radar directamente desde un espacio de trabajo dedicado (Gain, Seaclutter, Rainclutter, etc.)<\/p>\n<p><strong>M\u00f3dulo Radar<\/strong><\/p>\n<p>Gracias a la compatibilidad con las sondas de filtros digitales de Furuno (FDF \u2122), el M\u00f3dulo Sonda permite disfrutar desde el PC de todas las funciones avanzadas de la sonda Furuno como: Ecograma de sonda, Accu-Fish (detecci\u00f3n de peces) y Discriminaci\u00f3n del fondo.<\/p>","protected":false},"excerpt":{"rendered":"<p>Timezero ofrece una 3D con una fluidez y rapidez inigualables. Est\u00e1n todas sus funciones aliadas con un motor 3D y cartas Raster o Vector las que le han conferido a Timezero tanto \u00e9xito<\/p>","protected":false},"featured_media":2209,"template":"","meta":[],"product_brand":[55],"product_cat":[54],"product_tag":[],"class_list":{"0":"post-2207","1":"product","2":"type-product","3":"status-publish","4":"has-post-thumbnail","6":"product_brand-timezero","7":"product_cat-software","9":"first","10":"instock","11":"featured","12":"taxable","13":"shipping-taxable","14":"product-type-simple"},"_links":{"self":[{"href":"https:\/\/ramcotec.cl\/en\/wp-json\/wp\/v2\/product\/2207","targetHints":{"allow":["GET"]}}],"collection":[{"href":"https:\/\/ramcotec.cl\/en\/wp-json\/wp\/v2\/product"}],"about":[{"href":"https:\/\/ramcotec.cl\/en\/wp-json\/wp\/v2\/types\/product"}],"wp:featuredmedia":[{"embeddable":true,"href":"https:\/\/ramcotec.cl\/en\/wp-json\/wp\/v2\/media\/2209"}],"wp:attachment":[{"href":"https:\/\/ramcotec.cl\/en\/wp-json\/wp\/v2\/media?parent=2207"}],"wp:term":[{"taxonomy":"product_brand","embeddable":true,"href":"https:\/\/ramcotec.cl\/en\/wp-json\/wp\/v2\/product_brand?post=2207"},{"taxonomy":"product_cat","embeddable":true,"href":"https:\/\/ramcotec.cl\/en\/wp-json\/wp\/v2\/product_cat?post=2207"},{"taxonomy":"product_tag","embeddable":true,"href":"https:\/\/ramcotec.cl\/en\/wp-json\/wp\/v2\/product_tag?post=2207"}],"curies":[{"name":"wp","href":"https:\/\/api.w.org\/{rel}","templated":true}]}}