{"id":2204,"date":"2025-07-23T20:23:46","date_gmt":"2025-07-23T23:23:46","guid":{"rendered":"https:\/\/ramcotec.cl\/NUEVO\/?post_type=product&#038;p=2204"},"modified":"2025-08-25T15:30:53","modified_gmt":"2025-08-25T19:30:53","slug":"timezero-profesional","status":"publish","type":"product","link":"https:\/\/ramcotec.cl\/en\/product\/timezero-profesional\/","title":{"rendered":"TIMEZERO PROFESIONAL"},"content":{"rendered":"<p>El software TZ Professional ha sido dise\u00f1ado para responder a las necesidades y requisitos de navegaci\u00f3n de todos los marineros profesionales. Con funcionalidades de \u00faltima tecnolog\u00eda, el software TIMEZERO tiene dos objetivos principales: control y rendimiento. Descubre en esta secci\u00f3n c\u00f3mo el software TIMEZERO te puede ayudar cualquiera que sea tu actividad profesional.<\/p>\n<p>&nbsp;<\/p>\n<h3>\u00bfQu\u00e9 puede hacer Timezero Professional?<\/h3>\n<p>Las actividades profesionales en el mar var\u00edan enormemente dependiendo de si eres pescador profesional o deportivo, si navegas en un barco de trabajo o participas en regatas. Por supuesto, cada individuo tiene requisitos que son \u00fanicos para su actividad en particular.<\/p>\n<p>Si bien la combinaci\u00f3n de seguridad y rendimiento sigue siendo la piedra angular de todos los profesionales en el mar, otros requisitos, como un espacio de trabajo dedicado, la compatibilidad y el procesamiento de los datos de sus instrumentos y el impacto de las variaciones meteorol\u00f3gicas espec\u00edficas, son m\u00e1s importantes que para otros.<\/p>\n<p><strong>Actividad profesional :<\/strong><\/p>\n<p><img decoding=\"async\" class=\"lazyload alignnone size-full wp-image-2552\" src=\"https:\/\/ramcotec.cl\/wp-content\/uploads\/2025\/07\/actividad-timezero.png\" data-orig-src=\"https:\/\/ramcotec.cl\/wp-content\/uploads\/2025\/07\/actividad-timezero.png\" alt=\"\" width=\"1794\" height=\"320\" srcset=\"data:image\/svg+xml,%3Csvg%20xmlns%3D%27http%3A%2F%2Fwww.w3.org%2F2000%2Fsvg%27%20width%3D%271794%27%20height%3D%27320%27%20viewBox%3D%270%200%201794%20320%27%3E%3Crect%20width%3D%271794%27%20height%3D%27320%27%20fill-opacity%3D%220%22%2F%3E%3C%2Fsvg%3E\" data-srcset=\"https:\/\/ramcotec.cl\/wp-content\/uploads\/2025\/07\/actividad-timezero-18x3.png 18w, https:\/\/ramcotec.cl\/wp-content\/uploads\/2025\/07\/actividad-timezero-200x36.png 200w, https:\/\/ramcotec.cl\/wp-content\/uploads\/2025\/07\/actividad-timezero-300x54.png 300w, https:\/\/ramcotec.cl\/wp-content\/uploads\/2025\/07\/actividad-timezero-400x71.png 400w, https:\/\/ramcotec.cl\/wp-content\/uploads\/2025\/07\/actividad-timezero-500x89.png 500w, https:\/\/ramcotec.cl\/wp-content\/uploads\/2025\/07\/actividad-timezero-600x107.png 600w, https:\/\/ramcotec.cl\/wp-content\/uploads\/2025\/07\/actividad-timezero-700x125.png 700w, https:\/\/ramcotec.cl\/wp-content\/uploads\/2025\/07\/actividad-timezero-768x137.png 768w, https:\/\/ramcotec.cl\/wp-content\/uploads\/2025\/07\/actividad-timezero-800x143.png 800w, https:\/\/ramcotec.cl\/wp-content\/uploads\/2025\/07\/actividad-timezero-1024x183.png 1024w, https:\/\/ramcotec.cl\/wp-content\/uploads\/2025\/07\/actividad-timezero-1200x214.png 1200w, https:\/\/ramcotec.cl\/wp-content\/uploads\/2025\/07\/actividad-timezero-1536x274.png 1536w, https:\/\/ramcotec.cl\/wp-content\/uploads\/2025\/07\/actividad-timezero.png 1794w\" data-sizes=\"auto\" data-orig-sizes=\"(max-width: 1794px) 100vw, 1794px\" \/><\/p>\n<p>&nbsp;<\/p>\n<p>&nbsp;<\/p>\n<h3>\u00bfPor que Timezero Profesional?<\/h3>\n<p><strong>Compatibilidad con cartas n\u00e1uticas S-63<\/strong><\/p>\n<p>Mantener las cartas actualizadas es un elemento esencial para garantizar la seguridad de todos a bordo. TZ Professional es ahora compatible con las cartas oficiales encriptadas S-63. Las cartas S-63 se actualizan cada semana. Estas cartas respetan el est\u00e1ndar S-52 desarrollado por la Organizaci\u00f3n Mar\u00edtima Internacional (OMI). La iconograf\u00eda ofrece una visualizaci\u00f3n simplificada para mejorar la legibilidad de las cartas mar\u00edtimas en la pantalla.<\/p>\n<p><img decoding=\"async\" class=\"lazyload alignnone size-full wp-image-2554\" src=\"https:\/\/ramcotec.cl\/wp-content\/uploads\/2025\/07\/s63-tz.webp\" data-orig-src=\"https:\/\/ramcotec.cl\/wp-content\/uploads\/2025\/07\/s63-tz.webp\" alt=\"\" width=\"1795\" height=\"1006\" srcset=\"data:image\/svg+xml,%3Csvg%20xmlns%3D%27http%3A%2F%2Fwww.w3.org%2F2000%2Fsvg%27%20width%3D%271795%27%20height%3D%271006%27%20viewBox%3D%270%200%201795%201006%27%3E%3Crect%20width%3D%271795%27%20height%3D%271006%27%20fill-opacity%3D%220%22%2F%3E%3C%2Fsvg%3E\" data-srcset=\"https:\/\/ramcotec.cl\/wp-content\/uploads\/2025\/07\/s63-tz-18x10.webp 18w, https:\/\/ramcotec.cl\/wp-content\/uploads\/2025\/07\/s63-tz-200x112.webp 200w, https:\/\/ramcotec.cl\/wp-content\/uploads\/2025\/07\/s63-tz-300x168.webp 300w, https:\/\/ramcotec.cl\/wp-content\/uploads\/2025\/07\/s63-tz-400x224.webp 400w, https:\/\/ramcotec.cl\/wp-content\/uploads\/2025\/07\/s63-tz-500x280.webp 500w, https:\/\/ramcotec.cl\/wp-content\/uploads\/2025\/07\/s63-tz-600x336.webp 600w, https:\/\/ramcotec.cl\/wp-content\/uploads\/2025\/07\/s63-tz-700x392.webp 700w, https:\/\/ramcotec.cl\/wp-content\/uploads\/2025\/07\/s63-tz-768x430.webp 768w, https:\/\/ramcotec.cl\/wp-content\/uploads\/2025\/07\/s63-tz-800x448.webp 800w, https:\/\/ramcotec.cl\/wp-content\/uploads\/2025\/07\/s63-tz-1024x574.webp 1024w, https:\/\/ramcotec.cl\/wp-content\/uploads\/2025\/07\/s63-tz-1200x673.webp 1200w, https:\/\/ramcotec.cl\/wp-content\/uploads\/2025\/07\/s63-tz-1536x861.webp 1536w, https:\/\/ramcotec.cl\/wp-content\/uploads\/2025\/07\/s63-tz.webp 1795w\" data-sizes=\"auto\" data-orig-sizes=\"(max-width: 1795px) 100vw, 1795px\" \/><\/p>\n<p>&nbsp;<\/p>\n<p><strong>La planificaci\u00f3n de rutas es de suma importancia para todos los profesionales en el mar<\/strong><\/p>\n<p>Nuestra nueva tecnolog\u00eda asegura la seguridad de una ruta desde su creaci\u00f3n: a trav\u00e9s de c\u00f3digos de colores (verde \/ rojo) es posible saber instant\u00e1neamente si la profundidad es suficiente para el paso seguro de su embarcaci\u00f3n. Adicionalmente, un asistente de ruta autom\u00e1tico le proporcionar\u00e1 informaci\u00f3n sobre la hora \u00f3ptima de salida y llegada, teniendo en cuenta las mareas y las corrientes.<\/p>\n<p><img decoding=\"async\" class=\"lazyload alignnone size-full wp-image-2555\" src=\"https:\/\/ramcotec.cl\/wp-content\/uploads\/2025\/07\/route.webp\" data-orig-src=\"https:\/\/ramcotec.cl\/wp-content\/uploads\/2025\/07\/route.webp\" alt=\"\" width=\"1795\" height=\"1012\" srcset=\"data:image\/svg+xml,%3Csvg%20xmlns%3D%27http%3A%2F%2Fwww.w3.org%2F2000%2Fsvg%27%20width%3D%271795%27%20height%3D%271012%27%20viewBox%3D%270%200%201795%201012%27%3E%3Crect%20width%3D%271795%27%20height%3D%271012%27%20fill-opacity%3D%220%22%2F%3E%3C%2Fsvg%3E\" data-srcset=\"https:\/\/ramcotec.cl\/wp-content\/uploads\/2025\/07\/route-18x10.webp 18w, https:\/\/ramcotec.cl\/wp-content\/uploads\/2025\/07\/route-200x113.webp 200w, https:\/\/ramcotec.cl\/wp-content\/uploads\/2025\/07\/route-300x169.webp 300w, https:\/\/ramcotec.cl\/wp-content\/uploads\/2025\/07\/route-400x226.webp 400w, https:\/\/ramcotec.cl\/wp-content\/uploads\/2025\/07\/route-500x282.webp 500w, https:\/\/ramcotec.cl\/wp-content\/uploads\/2025\/07\/route-600x338.webp 600w, https:\/\/ramcotec.cl\/wp-content\/uploads\/2025\/07\/route-700x395.webp 700w, https:\/\/ramcotec.cl\/wp-content\/uploads\/2025\/07\/route-768x433.webp 768w, https:\/\/ramcotec.cl\/wp-content\/uploads\/2025\/07\/route-800x451.webp 800w, https:\/\/ramcotec.cl\/wp-content\/uploads\/2025\/07\/route-1024x577.webp 1024w, https:\/\/ramcotec.cl\/wp-content\/uploads\/2025\/07\/route-1200x677.webp 1200w, https:\/\/ramcotec.cl\/wp-content\/uploads\/2025\/07\/route-1536x866.webp 1536w, https:\/\/ramcotec.cl\/wp-content\/uploads\/2025\/07\/route.webp 1795w\" data-sizes=\"auto\" data-orig-sizes=\"(max-width: 1795px) 100vw, 1795px\" \/><\/p>\n<p>&nbsp;<\/p>\n<p><strong>La ventana de perfil, \u00a1una herramienta innovadora!<\/strong><\/p>\n<p>Muestra instant\u00e1neamente una ventana con informaci\u00f3n de profundidad punto a punto. Esta vista 2D permite identificar las variaciones de profundidad con una precisi\u00f3n inigualable (rocas, naufragios, etc.)<\/p>\n<p><img decoding=\"async\" class=\"lazyload alignnone size-full wp-image-2556\" src=\"https:\/\/ramcotec.cl\/wp-content\/uploads\/2025\/07\/perfil.webp\" data-orig-src=\"https:\/\/ramcotec.cl\/wp-content\/uploads\/2025\/07\/perfil.webp\" alt=\"\" width=\"1790\" height=\"1004\" srcset=\"data:image\/svg+xml,%3Csvg%20xmlns%3D%27http%3A%2F%2Fwww.w3.org%2F2000%2Fsvg%27%20width%3D%271790%27%20height%3D%271004%27%20viewBox%3D%270%200%201790%201004%27%3E%3Crect%20width%3D%271790%27%20height%3D%271004%27%20fill-opacity%3D%220%22%2F%3E%3C%2Fsvg%3E\" data-srcset=\"https:\/\/ramcotec.cl\/wp-content\/uploads\/2025\/07\/perfil-18x10.webp 18w, https:\/\/ramcotec.cl\/wp-content\/uploads\/2025\/07\/perfil-200x112.webp 200w, https:\/\/ramcotec.cl\/wp-content\/uploads\/2025\/07\/perfil-300x168.webp 300w, https:\/\/ramcotec.cl\/wp-content\/uploads\/2025\/07\/perfil-400x224.webp 400w, https:\/\/ramcotec.cl\/wp-content\/uploads\/2025\/07\/perfil-500x280.webp 500w, https:\/\/ramcotec.cl\/wp-content\/uploads\/2025\/07\/perfil-600x337.webp 600w, https:\/\/ramcotec.cl\/wp-content\/uploads\/2025\/07\/perfil-700x393.webp 700w, https:\/\/ramcotec.cl\/wp-content\/uploads\/2025\/07\/perfil-768x431.webp 768w, https:\/\/ramcotec.cl\/wp-content\/uploads\/2025\/07\/perfil-800x449.webp 800w, https:\/\/ramcotec.cl\/wp-content\/uploads\/2025\/07\/perfil-1024x574.webp 1024w, https:\/\/ramcotec.cl\/wp-content\/uploads\/2025\/07\/perfil-1200x673.webp 1200w, https:\/\/ramcotec.cl\/wp-content\/uploads\/2025\/07\/perfil-1536x862.webp 1536w, https:\/\/ramcotec.cl\/wp-content\/uploads\/2025\/07\/perfil.webp 1790w\" data-sizes=\"auto\" data-orig-sizes=\"(max-width: 1790px) 100vw, 1790px\" \/><\/p>\n<p>&nbsp;<\/p>\n<p><strong>Espacio de trabajo de pesca<\/strong><\/p>\n<p>Un espacio de trabajo dedicado exclusivamente a los pescadores comerciales. Permite personalizar una visualizaci\u00f3n en 2D \/ 3D y tener acceso a la informaci\u00f3n m\u00e1s importante de forma r\u00e1pida.<\/p>\n<p><img decoding=\"async\" class=\"lazyload alignnone size-full wp-image-2558\" src=\"https:\/\/ramcotec.cl\/wp-content\/uploads\/2025\/07\/espacio-pesca.webp\" data-orig-src=\"https:\/\/ramcotec.cl\/wp-content\/uploads\/2025\/07\/espacio-pesca.webp\" alt=\"\" width=\"1791\" height=\"1004\" srcset=\"data:image\/svg+xml,%3Csvg%20xmlns%3D%27http%3A%2F%2Fwww.w3.org%2F2000%2Fsvg%27%20width%3D%271791%27%20height%3D%271004%27%20viewBox%3D%270%200%201791%201004%27%3E%3Crect%20width%3D%271791%27%20height%3D%271004%27%20fill-opacity%3D%220%22%2F%3E%3C%2Fsvg%3E\" data-srcset=\"https:\/\/ramcotec.cl\/wp-content\/uploads\/2025\/07\/espacio-pesca-18x10.webp 18w, https:\/\/ramcotec.cl\/wp-content\/uploads\/2025\/07\/espacio-pesca-200x112.webp 200w, https:\/\/ramcotec.cl\/wp-content\/uploads\/2025\/07\/espacio-pesca-300x168.webp 300w, https:\/\/ramcotec.cl\/wp-content\/uploads\/2025\/07\/espacio-pesca-400x224.webp 400w, https:\/\/ramcotec.cl\/wp-content\/uploads\/2025\/07\/espacio-pesca-500x280.webp 500w, https:\/\/ramcotec.cl\/wp-content\/uploads\/2025\/07\/espacio-pesca-600x336.webp 600w, https:\/\/ramcotec.cl\/wp-content\/uploads\/2025\/07\/espacio-pesca-700x392.webp 700w, https:\/\/ramcotec.cl\/wp-content\/uploads\/2025\/07\/espacio-pesca-768x431.webp 768w, https:\/\/ramcotec.cl\/wp-content\/uploads\/2025\/07\/espacio-pesca-800x448.webp 800w, https:\/\/ramcotec.cl\/wp-content\/uploads\/2025\/07\/espacio-pesca-1024x574.webp 1024w, https:\/\/ramcotec.cl\/wp-content\/uploads\/2025\/07\/espacio-pesca-1200x673.webp 1200w, https:\/\/ramcotec.cl\/wp-content\/uploads\/2025\/07\/espacio-pesca-1536x861.webp 1536w, https:\/\/ramcotec.cl\/wp-content\/uploads\/2025\/07\/espacio-pesca.webp 1791w\" data-sizes=\"auto\" data-orig-sizes=\"(max-width: 1791px) 100vw, 1791px\" \/><\/p>\n<p>&nbsp;<\/p>\n<p><strong>Nuevas funciones AIS<\/strong><\/p>\n<p>La configuraci\u00f3n de AIS puede resultar compleja. Nuestro m\u00f3dulo AIS permite configurar toda la informaci\u00f3n directamente dentro del TZ Professional (Estado, Destino, etc.). Adem\u00e1s, ahora es posible recibir y enviar mensajes de texto AIS desde el TZ Professional. Este sistema permite una comunicaci\u00f3n simplificada, gratuita y directa con todos los barcos equipados con AIS. Finalmente, los barcos que est\u00e1n pescando se pueden identificar r\u00e1pidamente seleccionando rangos de velocidad que coincidan con las velocidades en pesca.<\/p>\n<p><img decoding=\"async\" class=\"lazyload alignnone size-full wp-image-2559\" src=\"https:\/\/ramcotec.cl\/wp-content\/uploads\/2025\/07\/ais.webp\" data-orig-src=\"https:\/\/ramcotec.cl\/wp-content\/uploads\/2025\/07\/ais.webp\" alt=\"\" width=\"1802\" height=\"1005\" srcset=\"data:image\/svg+xml,%3Csvg%20xmlns%3D%27http%3A%2F%2Fwww.w3.org%2F2000%2Fsvg%27%20width%3D%271802%27%20height%3D%271005%27%20viewBox%3D%270%200%201802%201005%27%3E%3Crect%20width%3D%271802%27%20height%3D%271005%27%20fill-opacity%3D%220%22%2F%3E%3C%2Fsvg%3E\" data-srcset=\"https:\/\/ramcotec.cl\/wp-content\/uploads\/2025\/07\/ais-18x10.webp 18w, https:\/\/ramcotec.cl\/wp-content\/uploads\/2025\/07\/ais-200x112.webp 200w, https:\/\/ramcotec.cl\/wp-content\/uploads\/2025\/07\/ais-300x167.webp 300w, https:\/\/ramcotec.cl\/wp-content\/uploads\/2025\/07\/ais-400x223.webp 400w, https:\/\/ramcotec.cl\/wp-content\/uploads\/2025\/07\/ais-500x279.webp 500w, https:\/\/ramcotec.cl\/wp-content\/uploads\/2025\/07\/ais-600x335.webp 600w, https:\/\/ramcotec.cl\/wp-content\/uploads\/2025\/07\/ais-700x390.webp 700w, https:\/\/ramcotec.cl\/wp-content\/uploads\/2025\/07\/ais-768x428.webp 768w, https:\/\/ramcotec.cl\/wp-content\/uploads\/2025\/07\/ais-800x446.webp 800w, https:\/\/ramcotec.cl\/wp-content\/uploads\/2025\/07\/ais-1024x571.webp 1024w, https:\/\/ramcotec.cl\/wp-content\/uploads\/2025\/07\/ais-1200x669.webp 1200w, https:\/\/ramcotec.cl\/wp-content\/uploads\/2025\/07\/ais-1536x857.webp 1536w, https:\/\/ramcotec.cl\/wp-content\/uploads\/2025\/07\/ais.webp 1802w\" data-sizes=\"auto\" data-orig-sizes=\"(max-width: 1802px) 100vw, 1802px\" \/><\/p>\n<p>&nbsp;<\/p>\n<p><strong>Cono de seguridad<\/strong><\/p>\n<p>El nuevo cono de seguridad es una funcionalidad que cumple con las reglas oficiales de la OMI. Tiene en cuenta la informaci\u00f3n de cartas vectoriales para detectar peligros aislados y zonas poco profundas. Si se detecta un obst\u00e1culo dentro de este cono dentro de la trayectoria del barco, una alarma se activar\u00e1 de forma autom\u00e1tica.<\/p>\n<p><img decoding=\"async\" class=\"lazyload alignnone size-full wp-image-2560\" src=\"https:\/\/ramcotec.cl\/wp-content\/uploads\/2025\/07\/cono.webp\" data-orig-src=\"https:\/\/ramcotec.cl\/wp-content\/uploads\/2025\/07\/cono.webp\" alt=\"\" width=\"1790\" height=\"1009\" srcset=\"data:image\/svg+xml,%3Csvg%20xmlns%3D%27http%3A%2F%2Fwww.w3.org%2F2000%2Fsvg%27%20width%3D%271790%27%20height%3D%271009%27%20viewBox%3D%270%200%201790%201009%27%3E%3Crect%20width%3D%271790%27%20height%3D%271009%27%20fill-opacity%3D%220%22%2F%3E%3C%2Fsvg%3E\" data-srcset=\"https:\/\/ramcotec.cl\/wp-content\/uploads\/2025\/07\/cono-18x10.webp 18w, https:\/\/ramcotec.cl\/wp-content\/uploads\/2025\/07\/cono-200x113.webp 200w, https:\/\/ramcotec.cl\/wp-content\/uploads\/2025\/07\/cono-300x169.webp 300w, https:\/\/ramcotec.cl\/wp-content\/uploads\/2025\/07\/cono-400x225.webp 400w, https:\/\/ramcotec.cl\/wp-content\/uploads\/2025\/07\/cono-500x282.webp 500w, https:\/\/ramcotec.cl\/wp-content\/uploads\/2025\/07\/cono-600x338.webp 600w, https:\/\/ramcotec.cl\/wp-content\/uploads\/2025\/07\/cono-700x395.webp 700w, https:\/\/ramcotec.cl\/wp-content\/uploads\/2025\/07\/cono-768x433.webp 768w, https:\/\/ramcotec.cl\/wp-content\/uploads\/2025\/07\/cono-800x451.webp 800w, https:\/\/ramcotec.cl\/wp-content\/uploads\/2025\/07\/cono-1024x577.webp 1024w, https:\/\/ramcotec.cl\/wp-content\/uploads\/2025\/07\/cono-1200x676.webp 1200w, https:\/\/ramcotec.cl\/wp-content\/uploads\/2025\/07\/cono-1536x866.webp 1536w, https:\/\/ramcotec.cl\/wp-content\/uploads\/2025\/07\/cono.webp 1790w\" data-sizes=\"auto\" data-orig-sizes=\"(max-width: 1790px) 100vw, 1790px\" \/><\/p>\n<p>&nbsp;<\/p>\n<p>&nbsp;<\/p>\n<h3>Ultima Generaci\u00f3n en interfaz de usuario<\/h3>\n<p>&nbsp;<\/p>\n<p><img decoding=\"async\" class=\"lazyload alignnone size-full wp-image-2561\" src=\"https:\/\/ramcotec.cl\/wp-content\/uploads\/2025\/07\/pc-timezero-pro.webp\" data-orig-src=\"https:\/\/ramcotec.cl\/wp-content\/uploads\/2025\/07\/pc-timezero-pro.webp\" alt=\"\" width=\"1500\" height=\"827\" srcset=\"data:image\/svg+xml,%3Csvg%20xmlns%3D%27http%3A%2F%2Fwww.w3.org%2F2000%2Fsvg%27%20width%3D%271500%27%20height%3D%27827%27%20viewBox%3D%270%200%201500%20827%27%3E%3Crect%20width%3D%271500%27%20height%3D%27827%27%20fill-opacity%3D%220%22%2F%3E%3C%2Fsvg%3E\" data-srcset=\"https:\/\/ramcotec.cl\/wp-content\/uploads\/2025\/07\/pc-timezero-pro-18x10.webp 18w, https:\/\/ramcotec.cl\/wp-content\/uploads\/2025\/07\/pc-timezero-pro-200x110.webp 200w, https:\/\/ramcotec.cl\/wp-content\/uploads\/2025\/07\/pc-timezero-pro-300x165.webp 300w, https:\/\/ramcotec.cl\/wp-content\/uploads\/2025\/07\/pc-timezero-pro-400x221.webp 400w, https:\/\/ramcotec.cl\/wp-content\/uploads\/2025\/07\/pc-timezero-pro-500x276.webp 500w, https:\/\/ramcotec.cl\/wp-content\/uploads\/2025\/07\/pc-timezero-pro-600x331.webp 600w, https:\/\/ramcotec.cl\/wp-content\/uploads\/2025\/07\/pc-timezero-pro-700x386.webp 700w, https:\/\/ramcotec.cl\/wp-content\/uploads\/2025\/07\/pc-timezero-pro-768x423.webp 768w, https:\/\/ramcotec.cl\/wp-content\/uploads\/2025\/07\/pc-timezero-pro-800x441.webp 800w, https:\/\/ramcotec.cl\/wp-content\/uploads\/2025\/07\/pc-timezero-pro-1024x565.webp 1024w, https:\/\/ramcotec.cl\/wp-content\/uploads\/2025\/07\/pc-timezero-pro-1200x662.webp 1200w, https:\/\/ramcotec.cl\/wp-content\/uploads\/2025\/07\/pc-timezero-pro.webp 1500w\" data-sizes=\"auto\" data-orig-sizes=\"(max-width: 1500px) 100vw, 1500px\" \/><\/p>\n<p>La interfaz de usuario de TZ Professional es intuitiva y f\u00e1cil de usar cuando se trata de administrar todos sus datos de navegaci\u00f3n, as\u00ed como todas las dem\u00e1s funciones que han hecho de TIMEZERO un gran \u00e9xito durante m\u00e1s de 30 a\u00f1os.<\/p>\n<p>Explora las funcionalidades principales:<\/p>\n<p><img decoding=\"async\" class=\"lazyload alignnone size-full wp-image-2562\" src=\"https:\/\/ramcotec.cl\/wp-content\/uploads\/2025\/07\/interfaz-timezero-scaled.png\" data-orig-src=\"https:\/\/ramcotec.cl\/wp-content\/uploads\/2025\/07\/interfaz-timezero-scaled.png\" alt=\"\" width=\"2560\" height=\"567\" srcset=\"data:image\/svg+xml,%3Csvg%20xmlns%3D%27http%3A%2F%2Fwww.w3.org%2F2000%2Fsvg%27%20width%3D%272560%27%20height%3D%27567%27%20viewBox%3D%270%200%202560%20567%27%3E%3Crect%20width%3D%272560%27%20height%3D%27567%27%20fill-opacity%3D%220%22%2F%3E%3C%2Fsvg%3E\" data-srcset=\"https:\/\/ramcotec.cl\/wp-content\/uploads\/2025\/07\/interfaz-timezero-18x4.png 18w, https:\/\/ramcotec.cl\/wp-content\/uploads\/2025\/07\/interfaz-timezero-200x44.png 200w, https:\/\/ramcotec.cl\/wp-content\/uploads\/2025\/07\/interfaz-timezero-300x66.png 300w, https:\/\/ramcotec.cl\/wp-content\/uploads\/2025\/07\/interfaz-timezero-400x89.png 400w, https:\/\/ramcotec.cl\/wp-content\/uploads\/2025\/07\/interfaz-timezero-500x111.png 500w, https:\/\/ramcotec.cl\/wp-content\/uploads\/2025\/07\/interfaz-timezero-600x133.png 600w, https:\/\/ramcotec.cl\/wp-content\/uploads\/2025\/07\/interfaz-timezero-700x155.png 700w, https:\/\/ramcotec.cl\/wp-content\/uploads\/2025\/07\/interfaz-timezero-768x170.png 768w, https:\/\/ramcotec.cl\/wp-content\/uploads\/2025\/07\/interfaz-timezero-800x177.png 800w, https:\/\/ramcotec.cl\/wp-content\/uploads\/2025\/07\/interfaz-timezero-1024x227.png 1024w, https:\/\/ramcotec.cl\/wp-content\/uploads\/2025\/07\/interfaz-timezero-1200x266.png 1200w, https:\/\/ramcotec.cl\/wp-content\/uploads\/2025\/07\/interfaz-timezero-1536x340.png 1536w, https:\/\/ramcotec.cl\/wp-content\/uploads\/2025\/07\/interfaz-timezero-scaled.png 2560w\" data-sizes=\"auto\" data-orig-sizes=\"(max-width: 2560px) 100vw, 2560px\" \/><\/p>\n<p>&nbsp;<\/p>\n<p>&nbsp;<\/p>\n<h3>M\u00f3dulos disponibles para Timezero Profesional<\/h3>\n<p>&nbsp;<\/p>\n<p><img decoding=\"async\" class=\"lazyload alignnone size-full wp-image-2563\" src=\"https:\/\/ramcotec.cl\/wp-content\/uploads\/2025\/07\/modulos-tz-pro-scaled.webp\" data-orig-src=\"https:\/\/ramcotec.cl\/wp-content\/uploads\/2025\/07\/modulos-tz-pro-scaled.webp\" alt=\"\" width=\"2560\" height=\"1214\" srcset=\"data:image\/svg+xml,%3Csvg%20xmlns%3D%27http%3A%2F%2Fwww.w3.org%2F2000%2Fsvg%27%20width%3D%272560%27%20height%3D%271214%27%20viewBox%3D%270%200%202560%201214%27%3E%3Crect%20width%3D%272560%27%20height%3D%271214%27%20fill-opacity%3D%220%22%2F%3E%3C%2Fsvg%3E\" data-srcset=\"https:\/\/ramcotec.cl\/wp-content\/uploads\/2025\/07\/modulos-tz-pro-18x9.webp 18w, https:\/\/ramcotec.cl\/wp-content\/uploads\/2025\/07\/modulos-tz-pro-200x95.webp 200w, https:\/\/ramcotec.cl\/wp-content\/uploads\/2025\/07\/modulos-tz-pro-300x142.webp 300w, https:\/\/ramcotec.cl\/wp-content\/uploads\/2025\/07\/modulos-tz-pro-400x190.webp 400w, https:\/\/ramcotec.cl\/wp-content\/uploads\/2025\/07\/modulos-tz-pro-500x237.webp 500w, https:\/\/ramcotec.cl\/wp-content\/uploads\/2025\/07\/modulos-tz-pro-600x284.webp 600w, https:\/\/ramcotec.cl\/wp-content\/uploads\/2025\/07\/modulos-tz-pro-700x332.webp 700w, https:\/\/ramcotec.cl\/wp-content\/uploads\/2025\/07\/modulos-tz-pro-768x364.webp 768w, https:\/\/ramcotec.cl\/wp-content\/uploads\/2025\/07\/modulos-tz-pro-800x379.webp 800w, https:\/\/ramcotec.cl\/wp-content\/uploads\/2025\/07\/modulos-tz-pro-1024x486.webp 1024w, https:\/\/ramcotec.cl\/wp-content\/uploads\/2025\/07\/modulos-tz-pro-1200x569.webp 1200w, https:\/\/ramcotec.cl\/wp-content\/uploads\/2025\/07\/modulos-tz-pro-1536x728.webp 1536w, https:\/\/ramcotec.cl\/wp-content\/uploads\/2025\/07\/modulos-tz-pro-scaled.webp 2560w\" data-sizes=\"auto\" data-orig-sizes=\"(max-width: 2560px) 100vw, 2560px\" \/><\/p>","protected":false},"excerpt":{"rendered":"<p>El software TZ Professional ha sido dise\u00f1ado para responder a las necesidades y requisitos de navegaci\u00f3n de todos los profesionales en el mar.<\/p>","protected":false},"featured_media":2205,"template":"","meta":[],"product_brand":[55],"product_cat":[54],"product_tag":[],"class_list":{"0":"post-2204","1":"product","2":"type-product","3":"status-publish","4":"has-post-thumbnail","6":"product_brand-timezero","7":"product_cat-software","9":"first","10":"instock","11":"featured","12":"taxable","13":"shipping-taxable","14":"product-type-simple"},"_links":{"self":[{"href":"https:\/\/ramcotec.cl\/en\/wp-json\/wp\/v2\/product\/2204","targetHints":{"allow":["GET"]}}],"collection":[{"href":"https:\/\/ramcotec.cl\/en\/wp-json\/wp\/v2\/product"}],"about":[{"href":"https:\/\/ramcotec.cl\/en\/wp-json\/wp\/v2\/types\/product"}],"wp:featuredmedia":[{"embeddable":true,"href":"https:\/\/ramcotec.cl\/en\/wp-json\/wp\/v2\/media\/2205"}],"wp:attachment":[{"href":"https:\/\/ramcotec.cl\/en\/wp-json\/wp\/v2\/media?parent=2204"}],"wp:term":[{"taxonomy":"product_brand","embeddable":true,"href":"https:\/\/ramcotec.cl\/en\/wp-json\/wp\/v2\/product_brand?post=2204"},{"taxonomy":"product_cat","embeddable":true,"href":"https:\/\/ramcotec.cl\/en\/wp-json\/wp\/v2\/product_cat?post=2204"},{"taxonomy":"product_tag","embeddable":true,"href":"https:\/\/ramcotec.cl\/en\/wp-json\/wp\/v2\/product_tag?post=2204"}],"curies":[{"name":"wp","href":"https:\/\/api.w.org\/{rel}","templated":true}]}}